{"id":1,"date":"2025-05-08T15:32:26","date_gmt":"2025-05-08T15:32:26","guid":{"rendered":"http:\/\/hotelplazadelsolsantodomingo.com\/?page_id=1"},"modified":"2025-05-19T20:04:47","modified_gmt":"2025-05-20T00:04:47","slug":"about","status":"publish","type":"page","link":"https:\/\/hotelplazadelsolsantodomingo.com\/es\/about\/","title":{"rendered":"Sobre Nosotros"},"content":{"rendered":"<figure class=\"wp-block-image aligncenter size-full\"><img data-recalc-dims=\"1\" loading=\"lazy\" decoding=\"async\" width=\"2076\" height=\"870\" data-attachment-id=\"18\" data-permalink=\"https:\/\/hotelplazadelsolsantodomingo.com\/es\/?attachment_id=18\" data-orig-file=\"https:\/\/i0.wp.com\/hotelplazadelsolsantodomingo.com\/wp-content\/uploads\/2025\/05\/untitled-design-e1746721592304.png?fit=2076%2C870&amp;ssl=1\" data-orig-size=\"2076,870\" data-comments-opened=\"1\" data-image-meta=\"{&quot;aperture&quot;:&quot;0&quot;,&quot;credit&quot;:&quot;&quot;,&quot;camera&quot;:&quot;&quot;,&quot;caption&quot;:&quot;&quot;,&quot;created_timestamp&quot;:&quot;0&quot;,&quot;copyright&quot;:&quot;&quot;,&quot;focal_length&quot;:&quot;0&quot;,&quot;iso&quot;:&quot;0&quot;,&quot;shutter_speed&quot;:&quot;0&quot;,&quot;title&quot;:&quot;&quot;,&quot;orientation&quot;:&quot;0&quot;}\" data-image-title=\"plaza del sol hotel lobby\" data-image-description=\"\" data-image-caption=\"\" data-large-file=\"https:\/\/i0.wp.com\/hotelplazadelsolsantodomingo.com\/wp-content\/uploads\/2025\/05\/untitled-design-e1746721592304.png?fit=1024%2C429&amp;ssl=1\" src=\"https:\/\/i0.wp.com\/hotelplazadelsolsantodomingo.com\/wp-content\/uploads\/2025\/05\/untitled-design-e1746721592304.png?resize=2076%2C870&#038;ssl=1\" alt=\"plaza del sol hotel lobby\" class=\"wp-image-18\"\/><\/figure>\n\n\n\n<p class=\"has-text-align-justify wp-block-paragraph translation-block\">Fundado en 1987, el <a href=\"https:\/\/hotelplazadelsolsantodomingo.com\/es\/\" target=\"_self\">Hotel Plaza del Sol<\/a> naci\u00f3 de la visi\u00f3n de un grupo de inversionistas apasionados por la hospitalidad y el turismo. Se propusieron crear el alojamiento ideal en el coraz\u00f3n de Santo Domingo, un lugar que se adapta perfectamente a las necesidades tanto de los viajeros como de la comunidad local. Hoy, ofrecemos con orgullo 28 habitaciones cuidadosamente dise\u00f1adas en cuatro categor\u00edas: Est\u00e1ndar, Doble Est\u00e1ndar, Ejecutiva y Junior Suite.<\/p>\n\n\n\n<p class=\"has-text-align-justify wp-block-paragraph\">Nuestro hotel goza de una ubicaci\u00f3n ideal en la calle Jos\u00e9 Contreras n.\u00b0 25 A, en la Zona Universitaria, frente a la Universidad Aut\u00f3noma de Santo Domingo (UASD). Ya sea que viaje por negocios, estudios o placer, se encontrar\u00e1 en el centro de la energ\u00eda y la cultura de la ciudad.<\/p>\n\n\n\n<p class=\"has-text-align-justify wp-block-paragraph\">Cada uno de nuestros estudios estilo apartamento est\u00e1 dise\u00f1ado para hacerle sentir como en casa, y cuenta con una cocina totalmente equipada, \u00e1rea de comedor, caja de seguridad gratuita, TV por cable, tel\u00e9fono local, Internet de alta velocidad, aire acondicionado, generador de energ\u00eda de emergencia las 24 horas, acceso por ascensor, servicio de limpieza diario, una computadora para uso de los hu\u00e9spedes y caf\u00e9 de cortes\u00eda por la ma\u00f1ana en el lobby.<\/p>\n\n\n\n<p class=\"has-text-align-justify wp-block-paragraph translation-block\">Tambi\u00e9n nos enorgullece ser un hotel que admite mascotas y, a diferencia de muchos otros, \u00a1no tenemos l\u00edmites de peso ni tama\u00f1o! Sus mascotas son bienvenidas, sin importar su raza o tama\u00f1o, por un peque\u00f1o cargo adicional de RD$500 por mascota y estad\u00eda, que nos ayuda a mantener las habitaciones despu\u00e9s de su visita.<\/p>\n\n\n\n<p class=\"has-text-align-justify wp-block-paragraph\">Ofrecemos tarifas flexibles seg\u00fan la duraci\u00f3n de su estad\u00eda, el prop\u00f3sito de su visita (personal o corporativa) y su selecci\u00f3n de habitaci\u00f3n.<\/p>\n\n\n\n<p class=\"has-text-align-justify wp-block-paragraph translation-block\">El Hotel Plaza del Sol en <a href=\"https:\/\/es.godominicanrepublic.com\/destinos\/santo-domingo\" target=\"_self\">Santo Domingo<\/a> se ha ganado la reputaci\u00f3n de ser la opci\u00f3n preferida por las empresas que organizan capacitaciones o reuniones para sus empleados en Santo Domingo. Ofrecemos un alojamiento c\u00e9ntrico y c\u00f3modo donde los viajeros pueden relajarse despu\u00e9s de un largo viaje, recargar energ\u00edas durante un ajetreado viaje de trabajo o prepararse para una visita internacional, todo con la calidez, la comodidad y el toque personal que los har\u00e1 sentir como en casa.<\/p>\n\n\n\n<hr class=\"wp-block-separator has-alpha-channel-opacity\"\/>","protected":false},"excerpt":{"rendered":"<p>Founded in 1987, Hotel Plaza del Sol was born from the vision of a group of investors passionate about hospitality and tourism. They set out to create the ideal accommodation in the heart of Santo Domingo \u2014 a place perfectly suited to the needs of both travelers and the local community. Today, we proudly offer [&hellip;]<\/p>\n","protected":false},"author":265644022,"featured_media":0,"parent":0,"menu_order":0,"comment_status":"closed","ping_status":"closed","template":"","meta":{"_crdt_document":"","footnotes":""},"class_list":["post-1","page","type-page","status-publish","hentry"],"yoast_head":"<!-- This site is optimized with the Yoast SEO plugin v27.5 - https:\/\/yoast.com\/product\/yoast-seo-wordpress\/ -->\n<title>About Us - Hotel Plaza del Sol<\/title>\n<meta name=\"description\" content=\"Hotel Plaza del Sol is located in the heart of Santo Domingo, providing a comfortable base where travelers can relax and feel at home.\" \/>\n<meta name=\"robots\" content=\"index, follow, max-snippet:-1, max-image-preview:large, max-video-preview:-1\" \/>\n<link rel=\"canonical\" href=\"https:\/\/hotelplazadelsolsantodomingo.com\/es\/about\/\" \/>\n<meta property=\"og:locale\" content=\"es_ES\" \/>\n<meta property=\"og:type\" content=\"article\" \/>\n<meta property=\"og:title\" content=\"About Us - Hotel Plaza del Sol\" \/>\n<meta property=\"og:description\" content=\"Hotel Plaza del Sol is located in the heart of Santo Domingo, providing a comfortable base where travelers can relax and feel at home.\" \/>\n<meta property=\"og:url\" content=\"https:\/\/hotelplazadelsolsantodomingo.com\/es\/about\/\" \/>\n<meta property=\"og:site_name\" content=\"Hotel Plaza del Sol\" \/>\n<meta property=\"article:modified_time\" content=\"2025-05-20T00:04:47+00:00\" \/>\n<meta property=\"og:image\" content=\"https:\/\/hotelplazadelsolsantodomingo.com\/wp-content\/uploads\/2025\/05\/untitled-design-e1746721592304.png\" \/>\n<meta name=\"twitter:card\" content=\"summary_large_image\" \/>\n<meta name=\"twitter:label1\" content=\"Est. reading time\" \/>\n\t<meta name=\"twitter:data1\" content=\"2 minutos\" \/>\n<script type=\"application\/ld+json\" class=\"yoast-schema-graph\">{\"@context\":\"https:\\\/\\\/schema.org\",\"@graph\":[{\"@type\":\"WebPage\",\"@id\":\"https:\\\/\\\/hotelplazadelsolsantodomingo.com\\\/about\\\/\",\"url\":\"https:\\\/\\\/hotelplazadelsolsantodomingo.com\\\/about\\\/\",\"name\":\"About Us - Hotel Plaza del Sol\",\"isPartOf\":{\"@id\":\"https:\\\/\\\/hotelplazadelsolsantodomingo.com\\\/#website\"},\"primaryImageOfPage\":{\"@id\":\"https:\\\/\\\/hotelplazadelsolsantodomingo.com\\\/about\\\/#primaryimage\"},\"image\":{\"@id\":\"https:\\\/\\\/hotelplazadelsolsantodomingo.com\\\/about\\\/#primaryimage\"},\"thumbnailUrl\":\"https:\\\/\\\/hotelplazadelsolsantodomingo.com\\\/wp-content\\\/uploads\\\/2025\\\/05\\\/untitled-design-e1746721592304.png\",\"datePublished\":\"2025-05-08T15:32:26+00:00\",\"dateModified\":\"2025-05-20T00:04:47+00:00\",\"description\":\"Hotel Plaza del Sol is located in the heart of Santo Domingo, providing a comfortable base where travelers can relax and feel at home.\",\"breadcrumb\":{\"@id\":\"https:\\\/\\\/hotelplazadelsolsantodomingo.com\\\/about\\\/#breadcrumb\"},\"inLanguage\":\"es-DO\",\"potentialAction\":[{\"@type\":\"ReadAction\",\"target\":[\"https:\\\/\\\/hotelplazadelsolsantodomingo.com\\\/about\\\/\"]}]},{\"@type\":\"ImageObject\",\"inLanguage\":\"es-DO\",\"@id\":\"https:\\\/\\\/hotelplazadelsolsantodomingo.com\\\/about\\\/#primaryimage\",\"url\":\"https:\\\/\\\/hotelplazadelsolsantodomingo.com\\\/wp-content\\\/uploads\\\/2025\\\/05\\\/untitled-design-e1746721592304.png\",\"contentUrl\":\"https:\\\/\\\/hotelplazadelsolsantodomingo.com\\\/wp-content\\\/uploads\\\/2025\\\/05\\\/untitled-design-e1746721592304.png\"},{\"@type\":\"BreadcrumbList\",\"@id\":\"https:\\\/\\\/hotelplazadelsolsantodomingo.com\\\/about\\\/#breadcrumb\",\"itemListElement\":[{\"@type\":\"ListItem\",\"position\":1,\"name\":\"Home\",\"item\":\"https:\\\/\\\/hotelplazadelsolsantodomingo.com\\\/\"},{\"@type\":\"ListItem\",\"position\":2,\"name\":\"About Us\"}]},{\"@type\":\"WebSite\",\"@id\":\"https:\\\/\\\/hotelplazadelsolsantodomingo.com\\\/#website\",\"url\":\"https:\\\/\\\/hotelplazadelsolsantodomingo.com\\\/\",\"name\":\"Hotel Plaza del Sol\",\"description\":\"Your Sunny Escape in the Heart of Santo Domingo\",\"publisher\":{\"@id\":\"https:\\\/\\\/hotelplazadelsolsantodomingo.com\\\/#organization\"},\"potentialAction\":[{\"@type\":\"SearchAction\",\"target\":{\"@type\":\"EntryPoint\",\"urlTemplate\":\"https:\\\/\\\/hotelplazadelsolsantodomingo.com\\\/?s={search_term_string}\"},\"query-input\":{\"@type\":\"PropertyValueSpecification\",\"valueRequired\":true,\"valueName\":\"search_term_string\"}}],\"inLanguage\":\"es-DO\"},{\"@type\":\"Organization\",\"@id\":\"https:\\\/\\\/hotelplazadelsolsantodomingo.com\\\/#organization\",\"name\":\"Hotel Plaza del Sol\",\"url\":\"https:\\\/\\\/hotelplazadelsolsantodomingo.com\\\/\",\"logo\":{\"@type\":\"ImageObject\",\"inLanguage\":\"es-DO\",\"@id\":\"https:\\\/\\\/hotelplazadelsolsantodomingo.com\\\/#\\\/schema\\\/logo\\\/image\\\/\",\"url\":\"https:\\\/\\\/i0.wp.com\\\/hotelplazadelsolsantodomingo.com\\\/wp-content\\\/uploads\\\/2025\\\/05\\\/plaza-del-sol-logo-transparent-banner.png?fit=500%2C168&ssl=1\",\"contentUrl\":\"https:\\\/\\\/i0.wp.com\\\/hotelplazadelsolsantodomingo.com\\\/wp-content\\\/uploads\\\/2025\\\/05\\\/plaza-del-sol-logo-transparent-banner.png?fit=500%2C168&ssl=1\",\"width\":500,\"height\":168,\"caption\":\"Hotel Plaza del Sol\"},\"image\":{\"@id\":\"https:\\\/\\\/hotelplazadelsolsantodomingo.com\\\/#\\\/schema\\\/logo\\\/image\\\/\"},\"sameAs\":[\"https:\\\/\\\/www.instagram.com\\\/hotelplazadelsol\\\/\"]}]}<\/script>\n<!-- \/ Yoast SEO plugin. -->","yoast_head_json":{"title":"About Us - Hotel Plaza del Sol","description":"Hotel Plaza del Sol is located in the heart of Santo Domingo, providing a comfortable base where travelers can relax and feel at home.","robots":{"index":"index","follow":"follow","max-snippet":"max-snippet:-1","max-image-preview":"max-image-preview:large","max-video-preview":"max-video-preview:-1"},"canonical":"https:\/\/hotelplazadelsolsantodomingo.com\/es\/about\/","og_locale":"es_ES","og_type":"article","og_title":"About Us - Hotel Plaza del Sol","og_description":"Hotel Plaza del Sol is located in the heart of Santo Domingo, providing a comfortable base where travelers can relax and feel at home.","og_url":"https:\/\/hotelplazadelsolsantodomingo.com\/es\/about\/","og_site_name":"Hotel Plaza del Sol","article_modified_time":"2025-05-20T00:04:47+00:00","og_image":[{"url":"https:\/\/hotelplazadelsolsantodomingo.com\/wp-content\/uploads\/2025\/05\/untitled-design-e1746721592304.png","type":"","width":"","height":""}],"twitter_card":"summary_large_image","twitter_misc":{"Est. reading time":"2 minutos"},"schema":{"@context":"https:\/\/schema.org","@graph":[{"@type":"WebPage","@id":"https:\/\/hotelplazadelsolsantodomingo.com\/about\/","url":"https:\/\/hotelplazadelsolsantodomingo.com\/about\/","name":"About Us - Hotel Plaza del Sol","isPartOf":{"@id":"https:\/\/hotelplazadelsolsantodomingo.com\/#website"},"primaryImageOfPage":{"@id":"https:\/\/hotelplazadelsolsantodomingo.com\/about\/#primaryimage"},"image":{"@id":"https:\/\/hotelplazadelsolsantodomingo.com\/about\/#primaryimage"},"thumbnailUrl":"https:\/\/hotelplazadelsolsantodomingo.com\/wp-content\/uploads\/2025\/05\/untitled-design-e1746721592304.png","datePublished":"2025-05-08T15:32:26+00:00","dateModified":"2025-05-20T00:04:47+00:00","description":"Hotel Plaza del Sol is located in the heart of Santo Domingo, providing a comfortable base where travelers can relax and feel at home.","breadcrumb":{"@id":"https:\/\/hotelplazadelsolsantodomingo.com\/about\/#breadcrumb"},"inLanguage":"es-DO","potentialAction":[{"@type":"ReadAction","target":["https:\/\/hotelplazadelsolsantodomingo.com\/about\/"]}]},{"@type":"ImageObject","inLanguage":"es-DO","@id":"https:\/\/hotelplazadelsolsantodomingo.com\/about\/#primaryimage","url":"https:\/\/hotelplazadelsolsantodomingo.com\/wp-content\/uploads\/2025\/05\/untitled-design-e1746721592304.png","contentUrl":"https:\/\/hotelplazadelsolsantodomingo.com\/wp-content\/uploads\/2025\/05\/untitled-design-e1746721592304.png"},{"@type":"BreadcrumbList","@id":"https:\/\/hotelplazadelsolsantodomingo.com\/about\/#breadcrumb","itemListElement":[{"@type":"ListItem","position":1,"name":"Home","item":"https:\/\/hotelplazadelsolsantodomingo.com\/"},{"@type":"ListItem","position":2,"name":"About Us"}]},{"@type":"WebSite","@id":"https:\/\/hotelplazadelsolsantodomingo.com\/#website","url":"https:\/\/hotelplazadelsolsantodomingo.com\/","name":"Hotel Plaza del Sol","description":"Tu escapada soleada en el coraz\u00f3n de Santo Domingo","publisher":{"@id":"https:\/\/hotelplazadelsolsantodomingo.com\/#organization"},"potentialAction":[{"@type":"SearchAction","target":{"@type":"EntryPoint","urlTemplate":"https:\/\/hotelplazadelsolsantodomingo.com\/?s={search_term_string}"},"query-input":{"@type":"PropertyValueSpecification","valueRequired":true,"valueName":"search_term_string"}}],"inLanguage":"es-DO"},{"@type":"Organization","@id":"https:\/\/hotelplazadelsolsantodomingo.com\/#organization","name":"Hotel Plaza del Sol","url":"https:\/\/hotelplazadelsolsantodomingo.com\/","logo":{"@type":"ImageObject","inLanguage":"es-DO","@id":"https:\/\/hotelplazadelsolsantodomingo.com\/#\/schema\/logo\/image\/","url":"https:\/\/i0.wp.com\/hotelplazadelsolsantodomingo.com\/wp-content\/uploads\/2025\/05\/plaza-del-sol-logo-transparent-banner.png?fit=500%2C168&ssl=1","contentUrl":"https:\/\/i0.wp.com\/hotelplazadelsolsantodomingo.com\/wp-content\/uploads\/2025\/05\/plaza-del-sol-logo-transparent-banner.png?fit=500%2C168&ssl=1","width":500,"height":168,"caption":"Hotel Plaza del Sol"},"image":{"@id":"https:\/\/hotelplazadelsolsantodomingo.com\/#\/schema\/logo\/image\/"},"sameAs":["https:\/\/www.instagram.com\/hotelplazadelsol\/"]}]}},"jetpack_likes_enabled":true,"jetpack_sharing_enabled":true,"jetpack_shortlink":"https:\/\/wp.me\/Pgxa5X-1","jetpack-related-posts":[{"id":54,"url":"https:\/\/hotelplazadelsolsantodomingo.com\/es\/hotel-rooms\/","url_meta":{"origin":1,"position":0},"title":"Hotel Rooms","author":"","date":"mayo 8, 2025","format":false,"excerpt":"","rel":"","context":"Similar post","block_context":{"text":"Similar post","link":""},"img":{"alt_text":"","src":"","width":0,"height":0},"classes":[]},{"id":55,"url":"https:\/\/hotelplazadelsolsantodomingo.com\/es\/hotel-cart\/","url_meta":{"origin":1,"position":1},"title":"Carrito","author":"","date":"mayo 8, 2025","format":false,"excerpt":"","rel":"","context":"Similar post","block_context":{"text":"Similar post","link":""},"img":{"alt_text":"","src":"","width":0,"height":0},"classes":[]},{"id":56,"url":"https:\/\/hotelplazadelsolsantodomingo.com\/es\/hotel-checkout\/","url_meta":{"origin":1,"position":2},"title":"Hotel Checkout","author":"","date":"mayo 8, 2025","format":false,"excerpt":"","rel":"","context":"Similar post","block_context":{"text":"Similar post","link":""},"img":{"alt_text":"","src":"","width":0,"height":0},"classes":[]},{"id":58,"url":"https:\/\/hotelplazadelsolsantodomingo.com\/es\/hotel-account\/","url_meta":{"origin":1,"position":3},"title":"Hotel Account","author":"","date":"mayo 8, 2025","format":false,"excerpt":"","rel":"","context":"Similar post","block_context":{"text":"Similar post","link":""},"img":{"alt_text":"","src":"","width":0,"height":0},"classes":[]},{"id":59,"url":"https:\/\/hotelplazadelsolsantodomingo.com\/es\/hotel-term-condition\/","url_meta":{"origin":1,"position":4},"title":"T\u00e9rminos &amp; Condiciones","author":"","date":"mayo 8, 2025","format":false,"excerpt":"Welcome to the website of Aparta Hotel Plaza del Sol. By using this site, you agree to comply with and be bound by the following terms and conditions. Please read them carefully before making a reservation or using any part of this site. 1. General Information Aparta Hotel Plaza del\u2026","rel":"","context":"Similar post","block_context":{"text":"Similar post","link":""},"img":{"alt_text":"","src":"","width":0,"height":0},"classes":[]},{"id":57,"url":"https:\/\/hotelplazadelsolsantodomingo.com\/es\/hotel-search\/","url_meta":{"origin":1,"position":5},"title":"Habitaciones","author":"Maria Albaine","date":"mayo 8, 2025","format":false,"excerpt":"","rel":"","context":"Similar post","block_context":{"text":"Similar post","link":""},"img":{"alt_text":"","src":"","width":0,"height":0},"classes":[]}],"_links":{"self":[{"href":"https:\/\/hotelplazadelsolsantodomingo.com\/es\/wp-json\/wp\/v2\/pages\/1","targetHints":{"allow":["GET"]}}],"collection":[{"href":"https:\/\/hotelplazadelsolsantodomingo.com\/es\/wp-json\/wp\/v2\/pages"}],"about":[{"href":"https:\/\/hotelplazadelsolsantodomingo.com\/es\/wp-json\/wp\/v2\/types\/page"}],"author":[{"embeddable":true,"href":"https:\/\/hotelplazadelsolsantodomingo.com\/es\/wp-json\/wp\/v2\/users\/265644022"}],"replies":[{"embeddable":true,"href":"https:\/\/hotelplazadelsolsantodomingo.com\/es\/wp-json\/wp\/v2\/comments?post=1"}],"version-history":[{"count":16,"href":"https:\/\/hotelplazadelsolsantodomingo.com\/es\/wp-json\/wp\/v2\/pages\/1\/revisions"}],"predecessor-version":[{"id":432,"href":"https:\/\/hotelplazadelsolsantodomingo.com\/es\/wp-json\/wp\/v2\/pages\/1\/revisions\/432"}],"wp:attachment":[{"href":"https:\/\/hotelplazadelsolsantodomingo.com\/es\/wp-json\/wp\/v2\/media?parent=1"}],"curies":[{"name":"wp","href":"https:\/\/api.w.org\/{rel}","templated":true}]}}